{"id":4019,"date":"2024-08-01T13:40:52","date_gmt":"2024-08-01T13:40:52","guid":{"rendered":"https:\/\/www.fiart.com\/?page_id=4019"},"modified":"2025-09-05T15:49:49","modified_gmt":"2025-09-05T15:49:49","slug":"p52","status":"publish","type":"page","link":"https:\/\/www.fiart.com\/fr\/p52\/","title":{"rendered":"P52"},"content":{"rendered":"","protected":false},"excerpt":{"rendered":"","protected":false},"author":3,"featured_media":4000,"parent":0,"menu_order":0,"comment_status":"closed","ping_status":"closed","template":"page-shortcode.php","meta":{"footnotes":""},"class_list":["post-4019","page","type-page","status-publish","has-post-thumbnail","hentry"],"acf":[],"yoast_head":"<!-- This site is optimized with the Yoast SEO plugin v22.1 - https:\/\/yoast.com\/wordpress\/plugins\/seo\/ -->\n<title>Yacht \u00e0 moteur P52- Fiart Mare<\/title>\n<meta name=\"description\" content=\"Fiart et Pastrovich se rencontrent \u00e0 nouveau pour donner vie au deuxi\u00e8me mod\u00e8le embl\u00e9matique de la ligne P. Fonctionnalit\u00e9 et dynamisme embrassent un design d\u2019avant-garde capable de sortir de l\u2019ordinaire.\" \/>\n<meta name=\"robots\" content=\"index, follow, max-snippet:-1, max-image-preview:large, max-video-preview:-1\" \/>\n<link rel=\"canonical\" href=\"https:\/\/www.fiart.com\/fr\/p52\/\" \/>\n<meta property=\"og:locale\" content=\"fr_FR\" \/>\n<meta property=\"og:type\" content=\"article\" \/>\n<meta property=\"og:title\" content=\"Yacht \u00e0 moteur P52- Fiart Mare\" \/>\n<meta property=\"og:description\" content=\"Fiart et Pastrovich se rencontrent \u00e0 nouveau pour donner vie au deuxi\u00e8me mod\u00e8le embl\u00e9matique de la ligne P. Fonctionnalit\u00e9 et dynamisme embrassent un design d\u2019avant-garde capable de sortir de l\u2019ordinaire.\" \/>\n<meta property=\"og:url\" content=\"https:\/\/www.fiart.com\/fr\/p52\/\" \/>\n<meta property=\"og:site_name\" content=\"Fiart Mare\" \/>\n<meta property=\"article:publisher\" content=\"https:\/\/www.facebook.com\/fiartmare\" \/>\n<meta property=\"article:modified_time\" content=\"2025-09-05T15:49:49+00:00\" \/>\n<meta property=\"og:image\" content=\"https:\/\/www.fiart.com\/wp-content\/uploads\/2024\/07\/P52-COVER.jpg\" \/>\n\t<meta property=\"og:image:width\" content=\"1140\" \/>\n\t<meta property=\"og:image:height\" content=\"920\" \/>\n\t<meta property=\"og:image:type\" content=\"image\/jpeg\" \/>\n<meta name=\"twitter:card\" content=\"summary_large_image\" \/>\n<meta name=\"twitter:label1\" content=\"Dur\u00e9e de lecture estim\u00e9e\" \/>\n\t<meta name=\"twitter:data1\" content=\"2 minutes\" \/>\n<script type=\"application\/ld+json\" class=\"yoast-schema-graph\">{\"@context\":\"https:\/\/schema.org\",\"@graph\":[{\"@type\":\"WebPage\",\"@id\":\"https:\/\/www.fiart.com\/fr\/p52\/\",\"url\":\"https:\/\/www.fiart.com\/fr\/p52\/\",\"name\":\"Yacht \u00e0 moteur P52- Fiart Mare\",\"isPartOf\":{\"@id\":\"https:\/\/www.fiart.com\/#website\"},\"datePublished\":\"2024-08-01T13:40:52+00:00\",\"dateModified\":\"2025-09-05T15:49:49+00:00\",\"description\":\"Fiart et Pastrovich se rencontrent \u00e0 nouveau pour donner vie au deuxi\u00e8me mod\u00e8le embl\u00e9matique de la ligne P. Fonctionnalit\u00e9 et dynamisme embrassent un design d\u2019avant-garde capable de sortir de l\u2019ordinaire.\",\"breadcrumb\":{\"@id\":\"https:\/\/www.fiart.com\/fr\/p52\/#breadcrumb\"},\"inLanguage\":\"fr-FR\",\"potentialAction\":[{\"@type\":\"ReadAction\",\"target\":[\"https:\/\/www.fiart.com\/fr\/p52\/\"]}]},{\"@type\":\"BreadcrumbList\",\"@id\":\"https:\/\/www.fiart.com\/fr\/p52\/#breadcrumb\",\"itemListElement\":[{\"@type\":\"ListItem\",\"position\":1,\"name\":\"Home\",\"item\":\"https:\/\/www.fiart.com\/fr\/\"},{\"@type\":\"ListItem\",\"position\":2,\"name\":\"P52\"}]},{\"@type\":\"WebSite\",\"@id\":\"https:\/\/www.fiart.com\/#website\",\"url\":\"https:\/\/www.fiart.com\/\",\"name\":\"Fiart Mare\",\"description\":\"\",\"publisher\":{\"@id\":\"https:\/\/www.fiart.com\/#organization\"},\"potentialAction\":[{\"@type\":\"SearchAction\",\"target\":{\"@type\":\"EntryPoint\",\"urlTemplate\":\"https:\/\/www.fiart.com\/?s={search_term_string}\"},\"query-input\":\"required name=search_term_string\"}],\"inLanguage\":\"fr-FR\"},{\"@type\":\"Organization\",\"@id\":\"https:\/\/www.fiart.com\/#organization\",\"name\":\"Fiart Mare\",\"url\":\"https:\/\/www.fiart.com\/\",\"logo\":{\"@type\":\"ImageObject\",\"inLanguage\":\"fr-FR\",\"@id\":\"https:\/\/www.fiart.com\/#\/schema\/logo\/image\/\",\"url\":\"https:\/\/www.fiart.com\/wp-content\/uploads\/2022\/09\/logo-fiart.png\",\"contentUrl\":\"https:\/\/www.fiart.com\/wp-content\/uploads\/2022\/09\/logo-fiart.png\",\"width\":233,\"height\":36,\"caption\":\"Fiart Mare\"},\"image\":{\"@id\":\"https:\/\/www.fiart.com\/#\/schema\/logo\/image\/\"},\"sameAs\":[\"https:\/\/www.facebook.com\/fiartmare\",\"https:\/\/www.instagram.com\/fiartmare\/\",\"https:\/\/www.linkedin.com\/company\/fiart-spa\/\",\"https:\/\/www.youtube.com\/channel\/UCD5FCXKqq1l4CZfs9dELKZQ\"]}]}<\/script>\n<!-- \/ Yoast SEO plugin. -->","yoast_head_json":{"title":"Yacht \u00e0 moteur P52- Fiart Mare","description":"Fiart et Pastrovich se rencontrent \u00e0 nouveau pour donner vie au deuxi\u00e8me mod\u00e8le embl\u00e9matique de la ligne P. Fonctionnalit\u00e9 et dynamisme embrassent un design d\u2019avant-garde capable de sortir de l\u2019ordinaire.","robots":{"index":"index","follow":"follow","max-snippet":"max-snippet:-1","max-image-preview":"max-image-preview:large","max-video-preview":"max-video-preview:-1"},"canonical":"https:\/\/www.fiart.com\/fr\/p52\/","og_locale":"fr_FR","og_type":"article","og_title":"Yacht \u00e0 moteur P52- Fiart Mare","og_description":"Fiart et Pastrovich se rencontrent \u00e0 nouveau pour donner vie au deuxi\u00e8me mod\u00e8le embl\u00e9matique de la ligne P. Fonctionnalit\u00e9 et dynamisme embrassent un design d\u2019avant-garde capable de sortir de l\u2019ordinaire.","og_url":"https:\/\/www.fiart.com\/fr\/p52\/","og_site_name":"Fiart Mare","article_publisher":"https:\/\/www.facebook.com\/fiartmare","article_modified_time":"2025-09-05T15:49:49+00:00","og_image":[{"width":1140,"height":920,"url":"https:\/\/www.fiart.com\/wp-content\/uploads\/2024\/07\/P52-COVER.jpg","type":"image\/jpeg"}],"twitter_card":"summary_large_image","twitter_misc":{"Dur\u00e9e de lecture estim\u00e9e":"2 minutes"},"schema":{"@context":"https:\/\/schema.org","@graph":[{"@type":"WebPage","@id":"https:\/\/www.fiart.com\/fr\/p52\/","url":"https:\/\/www.fiart.com\/fr\/p52\/","name":"Yacht \u00e0 moteur P52- Fiart Mare","isPartOf":{"@id":"https:\/\/www.fiart.com\/#website"},"datePublished":"2024-08-01T13:40:52+00:00","dateModified":"2025-09-05T15:49:49+00:00","description":"Fiart et Pastrovich se rencontrent \u00e0 nouveau pour donner vie au deuxi\u00e8me mod\u00e8le embl\u00e9matique de la ligne P. Fonctionnalit\u00e9 et dynamisme embrassent un design d\u2019avant-garde capable de sortir de l\u2019ordinaire.","breadcrumb":{"@id":"https:\/\/www.fiart.com\/fr\/p52\/#breadcrumb"},"inLanguage":"fr-FR","potentialAction":[{"@type":"ReadAction","target":["https:\/\/www.fiart.com\/fr\/p52\/"]}]},{"@type":"BreadcrumbList","@id":"https:\/\/www.fiart.com\/fr\/p52\/#breadcrumb","itemListElement":[{"@type":"ListItem","position":1,"name":"Home","item":"https:\/\/www.fiart.com\/fr\/"},{"@type":"ListItem","position":2,"name":"P52"}]},{"@type":"WebSite","@id":"https:\/\/www.fiart.com\/#website","url":"https:\/\/www.fiart.com\/","name":"Fiart Mare","description":"","publisher":{"@id":"https:\/\/www.fiart.com\/#organization"},"potentialAction":[{"@type":"SearchAction","target":{"@type":"EntryPoint","urlTemplate":"https:\/\/www.fiart.com\/?s={search_term_string}"},"query-input":"required name=search_term_string"}],"inLanguage":"fr-FR"},{"@type":"Organization","@id":"https:\/\/www.fiart.com\/#organization","name":"Fiart Mare","url":"https:\/\/www.fiart.com\/","logo":{"@type":"ImageObject","inLanguage":"fr-FR","@id":"https:\/\/www.fiart.com\/#\/schema\/logo\/image\/","url":"https:\/\/www.fiart.com\/wp-content\/uploads\/2022\/09\/logo-fiart.png","contentUrl":"https:\/\/www.fiart.com\/wp-content\/uploads\/2022\/09\/logo-fiart.png","width":233,"height":36,"caption":"Fiart Mare"},"image":{"@id":"https:\/\/www.fiart.com\/#\/schema\/logo\/image\/"},"sameAs":["https:\/\/www.facebook.com\/fiartmare","https:\/\/www.instagram.com\/fiartmare\/","https:\/\/www.linkedin.com\/company\/fiart-spa\/","https:\/\/www.youtube.com\/channel\/UCD5FCXKqq1l4CZfs9dELKZQ"]}]}},"_links":{"self":[{"href":"https:\/\/www.fiart.com\/fr\/wp-json\/wp\/v2\/pages\/4019","targetHints":{"allow":["GET"]}}],"collection":[{"href":"https:\/\/www.fiart.com\/fr\/wp-json\/wp\/v2\/pages"}],"about":[{"href":"https:\/\/www.fiart.com\/fr\/wp-json\/wp\/v2\/types\/page"}],"author":[{"embeddable":true,"href":"https:\/\/www.fiart.com\/fr\/wp-json\/wp\/v2\/users\/3"}],"replies":[{"embeddable":true,"href":"https:\/\/www.fiart.com\/fr\/wp-json\/wp\/v2\/comments?post=4019"}],"version-history":[{"count":1,"href":"https:\/\/www.fiart.com\/fr\/wp-json\/wp\/v2\/pages\/4019\/revisions"}],"predecessor-version":[{"id":4022,"href":"https:\/\/www.fiart.com\/fr\/wp-json\/wp\/v2\/pages\/4019\/revisions\/4022"}],"wp:featuredmedia":[{"embeddable":true,"href":"https:\/\/www.fiart.com\/fr\/wp-json\/wp\/v2\/media\/4000"}],"wp:attachment":[{"href":"https:\/\/www.fiart.com\/fr\/wp-json\/wp\/v2\/media?parent=4019"}],"curies":[{"name":"wp","href":"https:\/\/api.w.org\/{rel}","templated":true}]}}